{"id":109,"date":"2023-04-16T08:55:05","date_gmt":"2023-04-16T08:55:05","guid":{"rendered":"https:\/\/a-i-m.at\/?page_id=109"},"modified":"2026-04-23T08:18:56","modified_gmt":"2026-04-23T08:18:56","slug":"datenschutz","status":"publish","type":"page","link":"https:\/\/a-i-m.at\/?page_id=109","title":{"rendered":"Impressum"},"content":{"rendered":"\t\t<div data-elementor-type=\"wp-page\" data-elementor-id=\"109\" class=\"elementor elementor-109\" data-elementor-post-type=\"page\">\n\t\t\t\t\t\t\t\t\t<section class=\"elementor-section elementor-top-section elementor-element elementor-element-1d04b04 elementor-section-boxed elementor-section-height-default elementor-section-height-default\" data-id=\"1d04b04\" data-element_type=\"section\">\n\t\t\t\t\t\t<div class=\"elementor-container elementor-column-gap-default\">\n\t\t\t\t\t<div class=\"elementor-column elementor-col-100 elementor-top-column elementor-element elementor-element-c794298\" data-id=\"c794298\" data-element_type=\"column\">\n\t\t\t<div class=\"elementor-widget-wrap elementor-element-populated\">\n\t\t\t\t\t\t\t\t<div class=\"elementor-element elementor-element-d42ee74 elementor-widget elementor-widget-spacer\" data-id=\"d42ee74\" data-element_type=\"widget\" data-widget_type=\"spacer.default\">\n\t\t\t\t<div class=\"elementor-widget-container\">\n\t\t\t<style>\/*! elementor - v3.15.0 - 31-07-2023 *\/\n.elementor-column .elementor-spacer-inner{height:var(--spacer-size)}.e-con{--container-widget-width:100%}.e-con-inner>.elementor-widget-spacer,.e-con>.elementor-widget-spacer{width:var(--container-widget-width,var(--spacer-size));--align-self:var(--container-widget-align-self,initial);--flex-shrink:0}.e-con-inner>.elementor-widget-spacer>.elementor-widget-container,.e-con-inner>.elementor-widget-spacer>.elementor-widget-container>.elementor-spacer,.e-con>.elementor-widget-spacer>.elementor-widget-container,.e-con>.elementor-widget-spacer>.elementor-widget-container>.elementor-spacer{height:100%}.e-con-inner>.elementor-widget-spacer>.elementor-widget-container>.elementor-spacer>.elementor-spacer-inner,.e-con>.elementor-widget-spacer>.elementor-widget-container>.elementor-spacer>.elementor-spacer-inner{height:var(--container-widget-height,var(--spacer-size))}<\/style>\t\t<div class=\"elementor-spacer\">\n\t\t\t<div class=\"elementor-spacer-inner\"><\/div>\n\t\t<\/div>\n\t\t\t\t<\/div>\n\t\t\t\t<\/div>\n\t\t\t\t\t<\/div>\n\t\t<\/div>\n\t\t\t\t\t\t\t<\/div>\n\t\t<\/section>\n\t\t\t\t<section class=\"elementor-section elementor-top-section elementor-element elementor-element-2adae9a elementor-section-boxed elementor-section-height-default elementor-section-height-default\" data-id=\"2adae9a\" data-element_type=\"section\">\n\t\t\t\t\t\t<div class=\"elementor-container elementor-column-gap-default\">\n\t\t\t\t\t<div class=\"elementor-column elementor-col-100 elementor-top-column elementor-element elementor-element-d2f7a25\" data-id=\"d2f7a25\" data-element_type=\"column\">\n\t\t\t<div class=\"elementor-widget-wrap elementor-element-populated\">\n\t\t\t\t\t\t\t\t<div class=\"elementor-element elementor-element-747b18a elementor-widget elementor-widget-text-editor\" data-id=\"747b18a\" data-element_type=\"widget\" data-widget_type=\"text-editor.default\">\n\t\t\t\t<div class=\"elementor-widget-container\">\n\t\t\t<style>\/*! elementor - v3.15.0 - 31-07-2023 *\/\n.elementor-widget-text-editor.elementor-drop-cap-view-stacked .elementor-drop-cap{background-color:#69727d;color:#fff}.elementor-widget-text-editor.elementor-drop-cap-view-framed .elementor-drop-cap{color:#69727d;border:3px solid;background-color:transparent}.elementor-widget-text-editor:not(.elementor-drop-cap-view-default) .elementor-drop-cap{margin-top:8px}.elementor-widget-text-editor:not(.elementor-drop-cap-view-default) .elementor-drop-cap-letter{width:1em;height:1em}.elementor-widget-text-editor .elementor-drop-cap{float:left;text-align:center;line-height:1;font-size:50px}.elementor-widget-text-editor .elementor-drop-cap-letter{display:inline-block}<\/style>\t\t\t\t<div id=\"cmsmasters_heading_fpzvr3c0mb\" class=\"cmsmasters_heading_wrap cmsmasters_heading_align_left\"><h1 class=\"cmsmasters_heading\">Impressum<\/h1><h1 class=\"cmsmasters_heading\"><strong style=\"color: var( --e-global-color-text ); font-family: var( --e-global-typography-text-font-family ), Sans-serif; font-size: 1rem;\">Name und Anschrift des Verantwortlichen<\/strong><\/h1><\/div><div class=\"cmsmasters_text\"><p><strong>a-i-m GmbH &amp; Co KG<\/strong><br \/>Kristein 2<br \/>4470 Enns<\/p><p>Tel. 0720 205046 92<br \/>Fax 0720 205046 91<br \/>mail@a-i-m.at<\/p><p>UID-Nr.: ATU50137203<br \/>Sitz: Enns<br \/>Landesgericht: Steyr<br \/>Handelsregister: FN 196958 w<\/p><p>Vertreter des Verantwortlichen ist der Gesch\u00e4ftsf\u00fchrer Stefan Pohl<\/p><p>Aufsichtsbeh\u00f6rde: Bezirkshauptmannschaft Linz-Land<br \/>Kammerzugeh\u00f6rigkeit: Ober\u00f6sterreich<\/p><p class=\"MsoNormal\">Bildnachweis: shutterstock.com<\/p><\/div>\t\t\t\t\t\t<\/div>\n\t\t\t\t<\/div>\n\t\t\t\t\t<\/div>\n\t\t<\/div>\n\t\t\t\t\t\t\t<\/div>\n\t\t<\/section>\n\t\t\t\t<section class=\"elementor-section elementor-top-section elementor-element elementor-element-aebeace elementor-section-boxed elementor-section-height-default elementor-section-height-default\" data-id=\"aebeace\" data-element_type=\"section\">\n\t\t\t\t\t\t<div class=\"elementor-container elementor-column-gap-default\">\n\t\t\t\t\t<div class=\"elementor-column elementor-col-100 elementor-top-column elementor-element elementor-element-6369553\" data-id=\"6369553\" data-element_type=\"column\">\n\t\t\t<div class=\"elementor-widget-wrap\">\n\t\t\t\t\t\t\t\t\t<\/div>\n\t\t<\/div>\n\t\t\t\t\t\t\t<\/div>\n\t\t<\/section>\n\t\t\t\t\t\t\t<\/div>\n\t\t","protected":false},"excerpt":{"rendered":"<p>Impressum Name und Anschrift des Verantwortlichen a-i-m GmbH &amp; Co KGKristein 24470 Enns Tel. 0720 205046 92Fax 0720 205046 91mail@a-i-m.at UID-Nr.: ATU50137203Sitz: EnnsLandesgericht: SteyrHandelsregister: FN 196958 w Vertreter des Verantwortlichen ist der Gesch\u00e4ftsf\u00fchrer Stefan Pohl Aufsichtsbeh\u00f6rde: Bezirkshauptmannschaft Linz-LandKammerzugeh\u00f6rigkeit: Ober\u00f6sterreich Bildnachweis: shutterstock.com<\/p>\n","protected":false},"author":1,"featured_media":0,"parent":0,"menu_order":0,"comment_status":"closed","ping_status":"closed","template":"elementor_header_footer","meta":{"_eb_attr":"","footnotes":""},"class_list":["post-109","page","type-page","status-publish","hentry"],"yoast_head":"<!-- This site is optimized with the Yoast SEO plugin v20.5 - https:\/\/yoast.com\/wordpress\/plugins\/seo\/ -->\n<title>Impressum - a-i-m.at<\/title>\n<meta name=\"robots\" content=\"index, follow, max-snippet:-1, max-image-preview:large, max-video-preview:-1\" \/>\n<link rel=\"canonical\" href=\"https:\/\/a-i-m.at\/?page_id=109\" \/>\n<meta property=\"og:locale\" content=\"de_DE\" \/>\n<meta property=\"og:type\" content=\"article\" \/>\n<meta property=\"og:title\" content=\"Impressum - a-i-m.at\" \/>\n<meta property=\"og:description\" content=\"Impressum Name und Anschrift des Verantwortlichen a-i-m GmbH &amp; Co KGKristein 24470 Enns Tel. 0720 205046 92Fax 0720 205046 91mail@a-i-m.at UID-Nr.: ATU50137203Sitz: EnnsLandesgericht: SteyrHandelsregister: FN 196958 w Vertreter des Verantwortlichen ist der Gesch\u00e4ftsf\u00fchrer Stefan Pohl Aufsichtsbeh\u00f6rde: Bezirkshauptmannschaft Linz-LandKammerzugeh\u00f6rigkeit: Ober\u00f6sterreich Bildnachweis: shutterstock.com\" \/>\n<meta property=\"og:url\" content=\"https:\/\/a-i-m.at\/?page_id=109\" \/>\n<meta property=\"og:site_name\" content=\"a-i-m.at\" \/>\n<meta property=\"article:modified_time\" content=\"2026-04-23T08:18:56+00:00\" \/>\n<meta name=\"twitter:card\" content=\"summary_large_image\" \/>\n<meta name=\"twitter:label1\" content=\"Gesch\u00e4tzte Lesezeit\" \/>\n\t<meta name=\"twitter:data1\" content=\"1\u00a0Minute\" \/>\n<script type=\"application\/ld+json\" class=\"yoast-schema-graph\">{\"@context\":\"https:\/\/schema.org\",\"@graph\":[{\"@type\":\"WebPage\",\"@id\":\"https:\/\/a-i-m.at\/?page_id=109\",\"url\":\"https:\/\/a-i-m.at\/?page_id=109\",\"name\":\"Impressum - a-i-m.at\",\"isPartOf\":{\"@id\":\"https:\/\/a-i-m.at\/#website\"},\"datePublished\":\"2023-04-16T08:55:05+00:00\",\"dateModified\":\"2026-04-23T08:18:56+00:00\",\"breadcrumb\":{\"@id\":\"https:\/\/a-i-m.at\/?page_id=109#breadcrumb\"},\"inLanguage\":\"de\",\"potentialAction\":[{\"@type\":\"ReadAction\",\"target\":[\"https:\/\/a-i-m.at\/?page_id=109\"]}]},{\"@type\":\"BreadcrumbList\",\"@id\":\"https:\/\/a-i-m.at\/?page_id=109#breadcrumb\",\"itemListElement\":[{\"@type\":\"ListItem\",\"position\":1,\"name\":\"Startseite\",\"item\":\"https:\/\/a-i-m.at\/\"},{\"@type\":\"ListItem\",\"position\":2,\"name\":\"Impressum\"}]},{\"@type\":\"WebSite\",\"@id\":\"https:\/\/a-i-m.at\/#website\",\"url\":\"https:\/\/a-i-m.at\/\",\"name\":\"a-i-m.at\",\"description\":\"\",\"publisher\":{\"@id\":\"https:\/\/a-i-m.at\/#organization\"},\"potentialAction\":[{\"@type\":\"SearchAction\",\"target\":{\"@type\":\"EntryPoint\",\"urlTemplate\":\"https:\/\/a-i-m.at\/?s={search_term_string}\"},\"query-input\":\"required name=search_term_string\"}],\"inLanguage\":\"de\"},{\"@type\":\"Organization\",\"@id\":\"https:\/\/a-i-m.at\/#organization\",\"name\":\"a-i-m.at\",\"url\":\"https:\/\/a-i-m.at\/\",\"logo\":{\"@type\":\"ImageObject\",\"inLanguage\":\"de\",\"@id\":\"https:\/\/a-i-m.at\/#\/schema\/logo\/image\/\",\"url\":\"https:\/\/a-i-m.at\/wp-content\/uploads\/2023\/04\/a-i-m_logo.png\",\"contentUrl\":\"https:\/\/a-i-m.at\/wp-content\/uploads\/2023\/04\/a-i-m_logo.png\",\"width\":532,\"height\":178,\"caption\":\"a-i-m.at\"},\"image\":{\"@id\":\"https:\/\/a-i-m.at\/#\/schema\/logo\/image\/\"}}]}<\/script>\n<!-- \/ Yoast SEO plugin. -->","yoast_head_json":{"title":"Impressum - a-i-m.at","robots":{"index":"index","follow":"follow","max-snippet":"max-snippet:-1","max-image-preview":"max-image-preview:large","max-video-preview":"max-video-preview:-1"},"canonical":"https:\/\/a-i-m.at\/?page_id=109","og_locale":"de_DE","og_type":"article","og_title":"Impressum - a-i-m.at","og_description":"Impressum Name und Anschrift des Verantwortlichen a-i-m GmbH &amp; Co KGKristein 24470 Enns Tel. 0720 205046 92Fax 0720 205046 91mail@a-i-m.at UID-Nr.: ATU50137203Sitz: EnnsLandesgericht: SteyrHandelsregister: FN 196958 w Vertreter des Verantwortlichen ist der Gesch\u00e4ftsf\u00fchrer Stefan Pohl Aufsichtsbeh\u00f6rde: Bezirkshauptmannschaft Linz-LandKammerzugeh\u00f6rigkeit: Ober\u00f6sterreich Bildnachweis: shutterstock.com","og_url":"https:\/\/a-i-m.at\/?page_id=109","og_site_name":"a-i-m.at","article_modified_time":"2026-04-23T08:18:56+00:00","twitter_card":"summary_large_image","twitter_misc":{"Gesch\u00e4tzte Lesezeit":"1\u00a0Minute"},"schema":{"@context":"https:\/\/schema.org","@graph":[{"@type":"WebPage","@id":"https:\/\/a-i-m.at\/?page_id=109","url":"https:\/\/a-i-m.at\/?page_id=109","name":"Impressum - a-i-m.at","isPartOf":{"@id":"https:\/\/a-i-m.at\/#website"},"datePublished":"2023-04-16T08:55:05+00:00","dateModified":"2026-04-23T08:18:56+00:00","breadcrumb":{"@id":"https:\/\/a-i-m.at\/?page_id=109#breadcrumb"},"inLanguage":"de","potentialAction":[{"@type":"ReadAction","target":["https:\/\/a-i-m.at\/?page_id=109"]}]},{"@type":"BreadcrumbList","@id":"https:\/\/a-i-m.at\/?page_id=109#breadcrumb","itemListElement":[{"@type":"ListItem","position":1,"name":"Startseite","item":"https:\/\/a-i-m.at\/"},{"@type":"ListItem","position":2,"name":"Impressum"}]},{"@type":"WebSite","@id":"https:\/\/a-i-m.at\/#website","url":"https:\/\/a-i-m.at\/","name":"a-i-m.at","description":"","publisher":{"@id":"https:\/\/a-i-m.at\/#organization"},"potentialAction":[{"@type":"SearchAction","target":{"@type":"EntryPoint","urlTemplate":"https:\/\/a-i-m.at\/?s={search_term_string}"},"query-input":"required name=search_term_string"}],"inLanguage":"de"},{"@type":"Organization","@id":"https:\/\/a-i-m.at\/#organization","name":"a-i-m.at","url":"https:\/\/a-i-m.at\/","logo":{"@type":"ImageObject","inLanguage":"de","@id":"https:\/\/a-i-m.at\/#\/schema\/logo\/image\/","url":"https:\/\/a-i-m.at\/wp-content\/uploads\/2023\/04\/a-i-m_logo.png","contentUrl":"https:\/\/a-i-m.at\/wp-content\/uploads\/2023\/04\/a-i-m_logo.png","width":532,"height":178,"caption":"a-i-m.at"},"image":{"@id":"https:\/\/a-i-m.at\/#\/schema\/logo\/image\/"}}]}},"_links":{"self":[{"href":"https:\/\/a-i-m.at\/index.php?rest_route=\/wp\/v2\/pages\/109","targetHints":{"allow":["GET"]}}],"collection":[{"href":"https:\/\/a-i-m.at\/index.php?rest_route=\/wp\/v2\/pages"}],"about":[{"href":"https:\/\/a-i-m.at\/index.php?rest_route=\/wp\/v2\/types\/page"}],"author":[{"embeddable":true,"href":"https:\/\/a-i-m.at\/index.php?rest_route=\/wp\/v2\/users\/1"}],"replies":[{"embeddable":true,"href":"https:\/\/a-i-m.at\/index.php?rest_route=%2Fwp%2Fv2%2Fcomments&post=109"}],"version-history":[{"count":66,"href":"https:\/\/a-i-m.at\/index.php?rest_route=\/wp\/v2\/pages\/109\/revisions"}],"predecessor-version":[{"id":1267,"href":"https:\/\/a-i-m.at\/index.php?rest_route=\/wp\/v2\/pages\/109\/revisions\/1267"}],"wp:attachment":[{"href":"https:\/\/a-i-m.at\/index.php?rest_route=%2Fwp%2Fv2%2Fmedia&parent=109"}],"curies":[{"name":"wp","href":"https:\/\/api.w.org\/{rel}","templated":true}]}}